{"id":227,"date":"2025-12-03T08:47:17","date_gmt":"2025-12-03T08:47:17","guid":{"rendered":"https:\/\/gracious-hodgkin.213-167-227-117.plesk.page\/?page_id=227"},"modified":"2026-02-17T12:20:45","modified_gmt":"2026-02-17T12:20:45","slug":"kurs","status":"publish","type":"page","link":"https:\/\/gracious-hodgkin.213-167-227-117.plesk.page\/index.php\/kurs\/","title":{"rendered":"Kurs"},"content":{"rendered":"<div class=\"wpb-content-wrapper\"><p>[vc_row][vc_column]\n\t\t\t\t<p class=\"rs-p-wp-fix\"><\/p>\n\t\t\t\t<sr7-module data-alias=\"alumni-11\" data-id=\"13\" id=\"SR7_13_1\" class=\"rs-ov-hidden\" data-version=\"6.7.38\">\n\t\t\t\t\t<sr7-adjuster><\/sr7-adjuster>\n\t\t\t\t\t<sr7-content>\n\t\t\t\t\t\t<sr7-slide id=\"SR7_13_1-23\" data-key=\"23\">\n\t\t\t\t\t\t\t<sr7-bg id=\"SR7_13_1-23-6\" class=\"sr7-layer\"><noscript><img decoding=\"async\" src=\"https:\/\/gracious-hodgkin.213-167-227-117.plesk.page\/wp-content\/uploads\/2026\/02\/GettyImages-1220794892.jpg\" alt=\"\" title=\"GettyImages-1220794892\"><\/noscript><\/sr7-bg>\n\t\t\t\t\t\t\t<sr7-txt id=\"SR7_13_1-23-2\" class=\"sr7-layer\">Weichen f\u00fcr<br>stellen<\/sr7-txt>\n\t\t\t\t\t\t\t<sr7-txt id=\"SR7_13_1-23-3\" class=\"sr7-layer\">morgen<\/sr7-txt>\n\t\t\t\t\t\t\t<sr7-txt id=\"SR7_13_1-23-5\" class=\"sr7-layer\">Strategisch f\u00fchren im KI-Zeitalter \u2013 <br \/>\nKompetenzentwicklung mit unmittelbarem Praxistransfer<\/sr7-txt>\n\t\t\t\t\t\t<\/sr7-slide>\n\t\t\t\t\t\t<sr7-slide id=\"SR7_13_1-24\" data-key=\"24\">\n\t\t\t\t\t\t<\/sr7-slide>\n\t\t\t\t\t<\/sr7-content>\n\t\t\t\t\t<image_lists style=\"display:none\">\n\t\t\t\t\t\t<img data-src=\"\/\/gracious-hodgkin.213-167-227-117.plesk.page\/wp-content\/uploads\/2025\/10\/background_sku-scaled.png\" data-libid=\"10\" data-lib=\"medialibrary\" title=\"background_sku\" width=\"0\" height=\"0\" data-dbsrc=\"Ly9ncmFjaW91cy1ob2Rna2luLjIxMy0xNjctMjI3LTExNy5wbGVzay5wYWdlL3dwLWNvbnRlbnQvdXBsb2Fkcy8yMDI1LzEwL2JhY2tncm91bmRfc2t1LXNjYWxlZC5wbmc=\"\/>\n\t\t\t\t\t\t<img data-src=\"\/\/gracious-hodgkin.213-167-227-117.plesk.page\/wp-content\/uploads\/2026\/02\/GettyImages-1220794892.jpg\" data-libid=\"963\" data-lib=\"medialibrary\" title=\"GettyImages-1220794892\" width=\"0\" height=\"0\" data-dbsrc=\"Ly9ncmFjaW91cy1ob2Rna2luLjIxMy0xNjctMjI3LTExNy5wbGVzay5wYWdlL3dwLWNvbnRlbnQvdXBsb2Fkcy8yMDI2LzAyL0dldHR5SW1hZ2VzLTEyMjA3OTQ4OTIuanBn\"\/>\n\t\t\t\t\t<\/image_lists>\n\t\t\t\t<\/sr7-module>\n\t\t\t\t<script>\n\t\t\t\t\tSR7.PMH ??={}; SR7.PMH[\"SR7_13_1\"] = {cn:100,state:false,fn: function() { if (_tpt!==undefined && _tpt.prepareModuleHeight !== undefined) {  _tpt.prepareModuleHeight({id:\"SR7_13_1\",el:[680,680,680,680,720],type:'standard',shdw:'0',gh:[680,680,680,680,720],gw:[1240,1240,1240,1240,480],vpt:['-100px&#039;,&#039;-100px&#039;,&#039;-100px&#039;,&#039;-100px&#039;,&#039;-100px'],size:{fullWidth:true, fullHeight:false},mh:'0',onh:0,onw:0,bg:{color:'{\"orig\":\"transparent\",\"type\":\"solid\",\"string\":\"transparent\"}'}});   SR7.PMH[\"SR7_13_1\"].state=true;} else if(SR7.PMH[\"SR7_13_1\"].cn-->0)\tsetTimeout( SR7.PMH[\"SR7_13_1\"].fn,19);}};SR7.PMH[\"SR7_13_1\" ].fn();\n\t\t\t\t<\/script>\n[\/vc_column][\/vc_row][vc_row gap=&#8220;35&#8243; content_placement=&#8220;top&#8220; css_animation=&#8220;fadeInUp&#8220; css=&#8220;.vc_custom_1771319574956{padding-top: 100px !important;padding-bottom: 80px !important;}&#8220;][vc_column width=&#8220;1\/2&#8243;][vc_column_text css=&#8220;&#8220;]<\/p>\n<h1 style=\"text-align: left;\">\u00abZukunft sichern\u00bb \u2013<br \/>\nF\u00fchrungserfahrung mit<br \/>\nZukunftskompetenz verbinden<\/h1>\n<p>[\/vc_column_text][\/vc_column][vc_column width=&#8220;1\/2&#8243;][vc_column_text css=&#8220;&#8220;]Erfahrene F\u00fchrungskr\u00e4fte stehen heute vor einer besonderen Herausforderung: Digitale Technologien, K\u00fcnstliche Intelligenz und neue Organisationsformen ver\u00e4ndern Rollen, Entscheidungslogiken und Erwartungen grundlegend.<\/p>\n<p>\u00abZukunft sichern\u00bb richtet sich an F\u00fchrungspers\u00f6nlichkeiten ab 50, die ihre Erfahrung nicht verwalten, sondern weiterentwickeln wollen \u2013 und ihre berufliche Relevanz in einem dynamischen Umfeld aktiv gestalten. Der Lehrgang verbindet strategische Reflexion mit konkreter Umsetzung.<br \/>\nIm Zentrum steht nicht Wissensaufnahme, sondern wirksame Kompetenzentwicklung im eigenen F\u00fchrungsalltag.[\/vc_column_text][\/vc_column][\/vc_row][vc_row css_animation=&#8220;fadeInUp&#8220; css=&#8220;.vc_custom_1771319790858{margin-bottom: 0px !important;border-bottom-width: 0px !important;padding-right: 0px !important;padding-bottom: 0px !important;padding-left: 0px !important;border-radius: 10px !important;}&#8220;][vc_column][vc_text_separator title=&#8220;Jetzt vormerken \u2013 Lehrgang \u00abZukunft sichern\u00bb&#8220; color=&#8220;black&#8220; css=&#8220;.vc_custom_1771319834235{margin-bottom: 20px !important;padding-bottom: 0px !important;}&#8220;][\/vc_column][\/vc_row][vc_row gap=&#8220;35&#8243; content_placement=&#8220;middle&#8220; css_animation=&#8220;fadeInUp&#8220; css=&#8220;.vc_custom_1771330655837{padding-bottom: 80px !important;}&#8220;][vc_column width=&#8220;1\/2&#8243;][vc_column_text css=&#8220;&#8220;]<\/p>\n<h2>F\u00fchrung neu denken<\/h2>\n<p>Klassische Management-Weiterbildung st\u00f6sst dort an Grenzen, wo es nicht um neue Theorien, sondern um neue Handlungsf\u00e4higkeit geht. \u00abZukunft sichern\u00bb setzt genau hier an:<\/p>\n<ul>\n<li>Verbindung von Erfahrungswissen mit digitalen und KI-basierten Kompetenzen<\/li>\n<li>Arbeit an realen Fragestellungen aus dem eigenen beruflichen Kontext<\/li>\n<li>Reflexion der eigenen Rolle in Zeiten technologischen und kulturellen Wandels<\/li>\n<li>Entwicklung konkreter Strategien f\u00fcr nachhaltige Wirkung<\/li>\n<\/ul>\n<p>Ziel ist es, F\u00fchrung neu zu denken \u2013 und dabei die eigene Position bewusst zu st\u00e4rken.[\/vc_column_text][\/vc_column][vc_column width=&#8220;1\/2&#8243;][vc_single_image image=&#8220;909&#8243; img_size=&#8220;full&#8220; css=&#8220;&#8220;][\/vc_column][\/vc_row][vc_row gap=&#8220;35&#8243; content_placement=&#8220;top&#8220; css_animation=&#8220;fadeInUp&#8220; css=&#8220;.vc_custom_1771316789148{padding-top: 30px !important;padding-bottom: 80px !important;}&#8220;][vc_column][vc_column_text css=&#8220;&#8220;]<\/p>\n<h2>F\u00fcr wen ist dieses Programm konzipiert?<\/h2>\n<p>[\/vc_column_text][vc_row_inner equal_height=&#8220;yes&#8220; content_placement=&#8220;top&#8220; gap=&#8220;35&#8243;][vc_column_inner width=&#8220;1\/2&#8243; css=&#8220;.vc_custom_1771317490579{margin-top: 0px !important;margin-right: 0px !important;margin-bottom: 0px !important;margin-left: 0px !important;border-top-width: 0px !important;border-right-width: 0px !important;border-bottom-width: 0px !important;border-left-width: 0px !important;padding-top: 0px !important;padding-right: 0px !important;padding-bottom: 0px !important;padding-left: 0px !important;}&#8220;]<div class=\"ult-content-box-container \" >\t\t<div class=\"ult-content-box\" style=\"background-color:#E3E3E3;box-shadow: px px px px none;-webkit-transition: all 700ms ease;-moz-transition: all 700ms ease;-ms-transition: all 700ms ease;-o-transition: all 700ms ease;transition: all 700ms ease;\"  data-hover_box_shadow=\"none\"     data-bg=\"#E3E3E3\" >[vc_column_text css=&#8220;.vc_custom_1771330723926{margin-top: 0px !important;margin-right: 0px !important;margin-bottom: 0px !important;margin-left: 0px !important;border-top-width: 0px !important;border-right-width: 0px !important;border-bottom-width: 0px !important;border-left-width: 0px !important;padding-top: 30px !important;padding-right: 30px !important;padding-bottom: 30px !important;padding-left: 30px !important;}&#8220;]<strong>Angestellte F\u00fchrungskr\u00e4fte und Senior Experts (50+)<\/strong><br \/>\ndie Verantwortung f\u00fcr Mitarbeitende, Prozesse oder strategische Entscheidungen tragen und ihre Rolle im digitalen Wandel aktiv weiterentwickeln wollen.[\/vc_column_text]\t\t<\/div><\/div>[\/vc_column_inner][vc_column_inner width=&#8220;1\/2&#8243; css=&#8220;.vc_custom_1771317483222{margin-top: 0px !important;margin-right: 0px !important;margin-bottom: 0px !important;margin-left: 0px !important;border-top-width: 0px !important;border-right-width: 0px !important;border-bottom-width: 0px !important;border-left-width: 0px !important;padding-top: 0px !important;padding-right: 0px !important;padding-bottom: 0px !important;padding-left: 0px !important;}&#8220;]<div class=\"ult-content-box-container \" >\t\t<div class=\"ult-content-box\" style=\"background-color:#E3E3E3;box-shadow: px px px px none;-webkit-transition: all 700ms ease;-moz-transition: all 700ms ease;-ms-transition: all 700ms ease;-o-transition: all 700ms ease;transition: all 700ms ease;\"  data-hover_box_shadow=\"none\"     data-bg=\"#E3E3E3\" >[vc_column_text css=&#8220;.vc_custom_1771330706420{margin-top: 0px !important;margin-right: 0px !important;margin-bottom: 0px !important;margin-left: 0px !important;border-top-width: 0px !important;border-right-width: 0px !important;border-bottom-width: 0px !important;border-left-width: 0px !important;padding-top: 30px !important;padding-right: 30px !important;padding-bottom: 30px !important;padding-left: 30px !important;}&#8220;]<strong>Selbstst\u00e4ndige F\u00fchrungspers\u00f6nlichkeiten, Unternehmer:innen und Mandatstr\u00e4ger (50+) <\/strong>die ihre Markt- und Zukunftsf\u00e4higkeit sichern und ihr Profil im Kontext von KI, neuen Gesch\u00e4ftsmodellen und organisationaler Transformation sch\u00e4rfen m\u00f6chten[\/vc_column_text]\t\t<\/div><\/div>[\/vc_column_inner][\/vc_row_inner][\/vc_column][\/vc_row][vc_row gap=&#8220;35&#8243; content_placement=&#8220;middle&#8220; css_animation=&#8220;fadeInUp&#8220; css=&#8220;.vc_custom_1771330841971{margin-top: 30px !important;margin-bottom: 80px !important;}&#8220;][vc_column width=&#8220;1\/2&#8243;][vc_column_text css=&#8220;&#8220;]<\/p>\n<h3>In einem Jahr zu mehr digitaler Kompetenz<\/h3>\n<p>Der Studiengang ist als einj\u00e4hrige, projektbasierte Weiterbildung konzipiert. \u00dcber sechs thematische Module hinweg arbeiten die Teilnehmenden an einem realen Projekt oder einer konkreten Fragestellung aus ihrem beruflichen Umfeld. So entsteht unmittelbare \u00dcbertragbarkeit statt abstrakter Theorie.[\/vc_column_text][\/vc_column][vc_column width=&#8220;1\/2&#8243; css=&#8220;.vc_custom_1771330748001{margin-top: 0px !important;margin-right: 0px !important;margin-bottom: 0px !important;margin-left: 0px !important;border-top-width: 0px !important;border-right-width: 0px !important;border-bottom-width: 0px !important;border-left-width: 0px !important;padding-top: 0px !important;padding-right: 0px !important;padding-bottom: 0px !important;padding-left: 0px !important;}&#8220;]<div class=\"ult-content-box-container \" >\t\t<div class=\"ult-content-box\" style=\"background-color:#EEF9FF;box-shadow: px px px px none;padding:0px;margin:0px;-webkit-transition: all 700ms ease;-moz-transition: all 700ms ease;-ms-transition: all 700ms ease;-o-transition: all 700ms ease;transition: all 700ms ease;\"  data-hover_box_shadow=\"none\"    data-normal_margins=\"margin:0px;\"   data-bg=\"#EEF9FF\" >[vc_column_text css=&#8220;.vc_custom_1771330792153{margin-top: 0px !important;margin-right: 0px !important;margin-bottom: 0px !important;margin-left: 0px !important;border-top-width: 0px !important;border-right-width: 0px !important;border-bottom-width: 0px !important;border-left-width: 0px !important;padding-top: 40px !important;padding-right: 30px !important;padding-bottom: 40px !important;padding-left: 40px !important;}&#8220;]<strong>Thematische Schwerpunkte:<\/strong><\/p>\n<ul>\n<li>Zukunftsszenarien &amp; strategische Selbstverortung<\/li>\n<li>Digitale Technologien und KI im F\u00fchrungsalltag<\/li>\n<li>Organisation neu denken: Agilit\u00e4t und Strukturen<\/li>\n<li>Psychologische Sicherheit &amp; Leadership<\/li>\n<li>Kooperation und Wirkung nach aussen<\/li>\n<li>Strategie &amp; Umsetzung<\/li>\n<\/ul>\n<p>[\/vc_column_text]\t\t<\/div><\/div>[\/vc_column][\/vc_row][vc_row gap=&#8220;35&#8243; content_placement=&#8220;middle&#8220; css_animation=&#8220;fadeInUp&#8220; css=&#8220;.vc_custom_1771318001430{padding-top: 30px !important;padding-bottom: 80px !important;}&#8220;][vc_column width=&#8220;1\/2&#8243;][vc_column_text css=&#8220;&#8220;]<\/p>\n<h3>Weitere Informationen ab April 2026<\/h3>\n<p>Die detaillierten Informationen zu Programmstruktur, Terminen und Anmeldeverfahren werden im April 2026 ver\u00f6ffentlicht.<\/p>\n<p>Sichern Sie sich jetzt Ihren Informationsvorsprung.<br \/>\nTragen Sie sich in unsere Interessentenliste ein und erfahren Sie als Erste:r, sobald das vollst\u00e4ndige Programm verf\u00fcgbar ist.<\/p>\n<p>&nbsp;<\/p>\n<p><a href=\"https:\/\/gracious-hodgkin.213-167-227-117.plesk.page\/index.php\/formular\/\">Newsletter abonnieren und auf dem Laufenden bleiben<\/a>[\/vc_column_text][\/vc_column][vc_column width=&#8220;1\/2&#8243;][vc_single_image image=&#8220;817&#8243; img_size=&#8220;full&#8220; css=&#8220;&#8220;][\/vc_column][\/vc_row][vc_row full_width=&#8220;stretch_row&#8220; gap=&#8220;35&#8243; content_placement=&#8220;middle&#8220; css_animation=&#8220;fadeInUp&#8220; bg_type=&#8220;bg_color&#8220; css=&#8220;.vc_custom_1771007835380{padding-top: 30px !important;padding-bottom: 30px !important;}&#8220; el_id=&#8220;kontakt&#8220; bg_color_value=&#8220;#EEF9FF&#8220;][vc_column width=&#8220;1\/2&#8243; css=&#8220;.vc_custom_1760637550982{padding-top: 20px !important;padding-right: 20px !important;padding-bottom: 20px !important;padding-left: 20px !important;border-radius: 20px !important;}&#8220;][vc_column_text css=&#8220;&#8220;]<\/p>\n<h1><span style=\"color: #d9182b;\">Interesse?<\/span><\/h1>\n<h2><span style=\"color: #202850;\">Wir sind f\u00fcr Sie da <\/span><\/h2>\n<p data-start=\"136\" data-end=\"428\">Sie m\u00f6chten mehr \u00fcber unsere Angebote erfahren? Wir helfen Ihnen gerne weiter und stehen f\u00fcr alle Anliegen zur Verf\u00fcgung. Schreiben Sie uns eine Nachricht \u00fcber das beigef\u00fcgte Kontaktformular oder an info@sku.ch.<\/p>\n<p>&nbsp;<\/p>\n<p>[\/vc_column_text][\/vc_column][vc_column width=&#8220;1\/2&#8243;][vc_column_text css=&#8220;&#8220;]\n<div class=\"wpcf7 no-js\" id=\"wpcf7-f5-o1\" lang=\"de-DE\" dir=\"ltr\" data-wpcf7-id=\"5\">\n<div class=\"screen-reader-response\"><p role=\"status\" aria-live=\"polite\" aria-atomic=\"true\"><\/p> <ul><\/ul><\/div>\n<form action=\"\/index.php\/wp-json\/wp\/v2\/pages\/227#wpcf7-f5-o1\" method=\"post\" class=\"wpcf7-form init\" aria-label=\"Kontaktformular\" novalidate=\"novalidate\" data-status=\"init\">\n<fieldset class=\"hidden-fields-container\"><input type=\"hidden\" name=\"_wpcf7\" value=\"5\" \/><input type=\"hidden\" name=\"_wpcf7_version\" value=\"6.1.2\" \/><input type=\"hidden\" name=\"_wpcf7_locale\" value=\"de_DE\" \/><input type=\"hidden\" name=\"_wpcf7_unit_tag\" value=\"wpcf7-f5-o1\" \/><input type=\"hidden\" name=\"_wpcf7_container_post\" value=\"0\" \/><input type=\"hidden\" name=\"_wpcf7_posted_data_hash\" value=\"\" \/>\n<\/fieldset>\n<div class=\"cf7-grid\">\n\t<table>\n\t\t<tr>\n\t\t\t<td>\n\t\t\t\t<p><span class=\"wpcf7-form-control-wrap\" data-name=\"vorname\"><input size=\"40\" maxlength=\"400\" class=\"wpcf7-form-control wpcf7-text wpcf7-validates-as-required\" aria-required=\"true\" aria-invalid=\"false\" placeholder=\"Vorname\" value=\"\" type=\"text\" name=\"vorname\" \/><\/span>\n\t\t\t\t<\/p>\n\t\t\t<\/td>\n\t\t\t<td>\n\t\t\t\t<p><span class=\"wpcf7-form-control-wrap\" data-name=\"nachname\"><input size=\"40\" maxlength=\"400\" class=\"wpcf7-form-control wpcf7-text wpcf7-validates-as-required\" aria-required=\"true\" aria-invalid=\"false\" placeholder=\"Nachname\" value=\"\" type=\"text\" name=\"nachname\" \/><\/span>\n\t\t\t\t<\/p>\n\t\t\t<\/td>\n\t\t<\/tr>\n\t\t<tr>\n\t\t\t<td>\n\t\t\t\t<p><span class=\"wpcf7-form-control-wrap\" data-name=\"email\"><input size=\"40\" maxlength=\"400\" class=\"wpcf7-form-control wpcf7-email wpcf7-validates-as-required wpcf7-text wpcf7-validates-as-email\" aria-required=\"true\" aria-invalid=\"false\" placeholder=\"E-Mail\" value=\"\" type=\"email\" name=\"email\" \/><\/span>\n\t\t\t\t<\/p>\n\t\t\t<\/td>\n\t\t\t<td>\n\t\t\t\t<p><span class=\"wpcf7-form-control-wrap\" data-name=\"telefon\"><input size=\"40\" maxlength=\"400\" class=\"wpcf7-form-control wpcf7-tel wpcf7-text wpcf7-validates-as-tel\" aria-invalid=\"false\" placeholder=\"Telefon\" value=\"\" type=\"tel\" name=\"telefon\" \/><\/span>\n\t\t\t\t<\/p>\n\t\t\t<\/td>\n\t\t<\/tr>\n\t\t<tr>\n\t\t\t<td colspan=\"2\">\n\t\t\t\t<p><span class=\"wpcf7-form-control-wrap\" data-name=\"mitteilung\"><textarea cols=\"40\" rows=\"10\" maxlength=\"2000\" class=\"wpcf7-form-control wpcf7-textarea wpcf7-validates-as-required\" aria-required=\"true\" aria-invalid=\"false\" placeholder=\"Mitteilung\" name=\"mitteilung\"><\/textarea><\/span>\n\t\t\t\t<\/p>\n\t\t\t<\/td>\n\t\t<\/tr>\n\t<\/table>\n\t<p><input class=\"wpcf7-form-control wpcf7-submit has-spinner\" type=\"submit\" value=\"Senden\" \/>\n\t<\/p>\n<\/div><input type='hidden' class='wpcf7-pum' value='{\"closepopup\":false,\"closedelay\":0,\"openpopup\":false,\"openpopup_id\":0}' \/><div class=\"wpcf7-response-output\" aria-hidden=\"true\"><\/div>\n<\/form>\n<\/div>\n[\/vc_column_text][\/vc_column][\/vc_row]<\/p>\n<\/div>","protected":false},"excerpt":{"rendered":"<p>[vc_row][vc_column][\/vc_column][\/vc_row][vc_row gap=&#8220;35&#8243; content_placement=&#8220;top&#8220; css_animation=&#8220;fadeInUp&#8220; css=&#8220;.vc_custom_1771319574956{padding-top: 100px !important;padding-bottom: 80px !important;}&#8220;][vc_column width=&#8220;1\/2&#8243;][vc_column_text css=&#8220;&#8220;] \u00abZukunft sichern\u00bb \u2013 F\u00fchrungserfahrung mit Zukunftskompetenz verbinden [\/vc_column_text][\/vc_column][vc_column width=&#8220;1\/2&#8243;][vc_column_text css=&#8220;&#8220;]Erfahrene F\u00fchrungskr\u00e4fte stehen heute vor einer besonderen Herausforderung: Digitale Technologien, K\u00fcnstliche Intelligenz und neue Organisationsformen ver\u00e4ndern Rollen, Entscheidungslogiken und Erwartungen grundlegend. \u00abZukunft sichern\u00bb richtet sich an F\u00fchrungspers\u00f6nlichkeiten ab 50, die ihre Erfahrung nicht verwalten, sondern&hellip;<\/p>\n","protected":false},"author":1,"featured_media":0,"parent":0,"menu_order":0,"comment_status":"closed","ping_status":"open","template":"","meta":{"footnotes":""},"class_list":["post-227","page","type-page","status-publish","hentry","description-off"],"_links":{"self":[{"href":"https:\/\/gracious-hodgkin.213-167-227-117.plesk.page\/index.php\/wp-json\/wp\/v2\/pages\/227","targetHints":{"allow":["GET"]}}],"collection":[{"href":"https:\/\/gracious-hodgkin.213-167-227-117.plesk.page\/index.php\/wp-json\/wp\/v2\/pages"}],"about":[{"href":"https:\/\/gracious-hodgkin.213-167-227-117.plesk.page\/index.php\/wp-json\/wp\/v2\/types\/page"}],"author":[{"embeddable":true,"href":"https:\/\/gracious-hodgkin.213-167-227-117.plesk.page\/index.php\/wp-json\/wp\/v2\/users\/1"}],"replies":[{"embeddable":true,"href":"https:\/\/gracious-hodgkin.213-167-227-117.plesk.page\/index.php\/wp-json\/wp\/v2\/comments?post=227"}],"version-history":[{"count":82,"href":"https:\/\/gracious-hodgkin.213-167-227-117.plesk.page\/index.php\/wp-json\/wp\/v2\/pages\/227\/revisions"}],"predecessor-version":[{"id":917,"href":"https:\/\/gracious-hodgkin.213-167-227-117.plesk.page\/index.php\/wp-json\/wp\/v2\/pages\/227\/revisions\/917"}],"wp:attachment":[{"href":"https:\/\/gracious-hodgkin.213-167-227-117.plesk.page\/index.php\/wp-json\/wp\/v2\/media?parent=227"}],"curies":[{"name":"wp","href":"https:\/\/api.w.org\/{rel}","templated":true}]}}